{"id":59,"date":"2018-11-05T14:27:18","date_gmt":"2018-11-05T13:27:18","guid":{"rendered":"http:\/\/www.activeserv.org\/activeserv\/?page_id=59"},"modified":"2021-07-05T15:34:08","modified_gmt":"2021-07-05T13:34:08","slug":"nasze-refernecje","status":"publish","type":"page","link":"https:\/\/www.activeserv.org\/activeserv\/nasze-refernecje\/","title":{"rendered":"Nasze Referenecje"},"content":{"rendered":"<p>[et_pb_section fb_built=&#8221;1&#8243; admin_label=&#8221;Testimonials&#8221; _builder_version=&#8221;3.22&#8243; custom_padding=&#8221;7px|0px|0|0px|false|false&#8221;][et_pb_row _builder_version=&#8221;3.25&#8243; custom_margin=&#8221;|||&#8221; custom_padding=&#8221;27px|0px|0|0px|false|false&#8221; locked=&#8221;off&#8221;][et_pb_column type=&#8221;4_4&#8243; _builder_version=&#8221;3.25&#8243; custom_padding=&#8221;|||&#8221; custom_padding__hover=&#8221;|||&#8221;][et_pb_text _builder_version=&#8221;3.27.4&#8243; text_font=&#8221;Share Tech||||||||&#8221; text_text_color=&#8221;rgba(0,0,0,0.02)&#8221; text_font_size=&#8221;100px&#8221; text_line_height=&#8221;0.2em&#8221; header_font=&#8221;||||||||&#8221; header_2_font=&#8221;Share Tech||||||||&#8221; header_2_font_size=&#8221;48px&#8221; header_2_line_height=&#8221;1.4em&#8221; text_orientation=&#8221;center&#8221; custom_margin=&#8221;||30px||false&#8221; custom_margin_tablet=&#8221;||0px|&#8221; custom_margin_phone=&#8221;&#8221; custom_margin_last_edited=&#8221;on|tablet&#8221; text_font_size_tablet=&#8221;80px&#8221; text_font_size_phone=&#8221;60px&#8221; text_font_size_last_edited=&#8221;on|desktop&#8221; header_2_font_size_tablet=&#8221;&#8221; header_2_font_size_phone=&#8221;36px&#8221; header_2_font_size_last_edited=&#8221;on|phone&#8221;]<\/p>\n<p>Referencje<\/p>\n<h2>Opinie:<\/h2>\n<p>[\/et_pb_text][\/et_pb_column][\/et_pb_row][et_pb_row column_structure=&#8221;1_3,1_3,1_3&#8243; _builder_version=&#8221;3.25&#8243; custom_padding=&#8221;0|0px|27px|0px|false|false&#8221;][et_pb_column type=&#8221;1_3&#8243; _builder_version=&#8221;3.25&#8243; custom_padding=&#8221;|||&#8221; custom_padding__hover=&#8221;|||&#8221;][et_pb_testimonial author=&#8221;BP Martin Tour&#8221; url=&#8221;http:\/\/www.activeserv.org\/activeserv\/wp-content\/uploads\/2018\/11\/bpmartin.pdf&#8221; url_new_window=&#8221;on&#8221; portrait_url=&#8221;http:\/\/www.activeserv.org\/activeserv\/wp-content\/uploads\/2018\/11\/pdf.png&#8221; _builder_version=&#8221;3.17.6&#8243; link_option_url=&#8221;http:\/\/www.activeserv.org\/activeserv\/wp-content\/uploads\/2018\/11\/bpmartin.pdf&#8221; link_option_url_new_window=&#8221;on&#8221;]<\/p>\n<p style=\"text-align: left;\"><span class=\"fontstyle0\">&#8222;<\/span><span class=\"fontstyle1\">Profesjonalny charakter \u015bwiadczonych us\u0142ug<\/span><span class=\"fontstyle0\">, sta\u0142e informowanie klienta o etapach realizacji powierzonego zlecenia, szybkie i w pe\u0142ni satysfakcjonuj\u0105ce wykonanie zleconej us\u0142ugi, a tak\u017ce wra\u017cliwo\u015b\u0107 na potrzeby klienta i zg\u0142aszane przez niego uwagi, to cechy jakimi wyr\u00f3\u017cnia si\u0119 firma Pana Jakuba Pawlisza przy realizacji powierzonego<br \/>jej zadania&#8230;&#8221;<\/span><\/p>\n<p>[\/et_pb_testimonial][\/et_pb_column][et_pb_column type=&#8221;1_3&#8243; _builder_version=&#8221;3.25&#8243; custom_padding=&#8221;|||&#8221; custom_padding__hover=&#8221;|||&#8221;][et_pb_testimonial author=&#8221;Technika Aerotechnika&#8221; url=&#8221;http:\/\/www.activeserv.org\/activeserv\/wp-content\/uploads\/2018\/11\/Scan10.pdf&#8221; url_new_window=&#8221;on&#8221; portrait_url=&#8221;http:\/\/www.activeserv.org\/activeserv\/wp-content\/uploads\/2018\/11\/pdf.png&#8221; _builder_version=&#8221;3.17.6&#8243; link_option_url=&#8221;http:\/\/www.activeserv.org\/activeserv\/wp-content\/uploads\/2018\/11\/Scan10.pdf&#8221; link_option_url_new_window=&#8221;on&#8221;]<\/p>\n<p>&#8222;Pan Jakub Pawlisz da\u0142 si\u0119 pozna\u0107 jako bardzo dobry specjalista do spraw informatyki. Wyr\u00f3\u017cnia si\u0119 umiej\u0119tno\u015bci\u0105 podejmowania trafnych decyszji oraz fachowym podej\u015bciem do powierzonych mu zada\u0144. Cieszy si\u0119 on wysokim uznaniem jako specjalista do spraw informatycznych w naszej firmie&#8230;&#8221;<\/p>\n<p>[\/et_pb_testimonial][\/et_pb_column][et_pb_column type=&#8221;1_3&#8243; _builder_version=&#8221;3.25&#8243; custom_padding=&#8221;|||&#8221; custom_padding__hover=&#8221;|||&#8221;][et_pb_testimonial author=&#8221;Expense Reduction Analysyst&#8221; url=&#8221;http:\/\/www.activeserv.org\/activeserv\/wp-content\/uploads\/2018\/11\/Scan9.pdf&#8221; url_new_window=&#8221;on&#8221; portrait_url=&#8221;http:\/\/www.activeserv.org\/activeserv\/wp-content\/uploads\/2018\/11\/pdf.png&#8221; _builder_version=&#8221;3.17.6&#8243; link_option_url=&#8221;http:\/\/www.activeserv.org\/activeserv\/wp-content\/uploads\/2018\/11\/Scan9.pdf&#8221; link_option_url_new_window=&#8221;on&#8221;]<\/p>\n<p>&#8222;Z wilek\u0105 przyjemno\u015bcia i satysfackj\u0105 informujemy, i\u017c Pan Jakub Pawlisz wsp\u00f3\u0142pracowa\u0142 z nami w zakresie procesu wdra\u017cania komputer\u00f3w i tworzenia kopii zapasowych w oparciu o \u015brodowisko Mac OS oraz sprz\u0119t firmy Apple Inc. Wsp\u00f3\u0142praca przebiega\u0142a sprawnie i profesjonalnie&#8230;&#8221;<\/p>\n<p>[\/et_pb_testimonial][\/et_pb_column][\/et_pb_row][et_pb_row _builder_version=&#8221;3.25&#8243; custom_margin=&#8221;|||&#8221; custom_padding=&#8221;|||&#8221; locked=&#8221;off&#8221;][et_pb_column type=&#8221;4_4&#8243; _builder_version=&#8221;3.25&#8243; custom_padding=&#8221;|||&#8221; custom_padding__hover=&#8221;|||&#8221;][et_pb_text _builder_version=&#8221;3.27.4&#8243; text_font=&#8221;Share Tech||||||||&#8221; text_text_color=&#8221;rgba(0,0,0,0.02)&#8221; text_font_size=&#8221;100px&#8221; text_line_height=&#8221;0.2em&#8221; header_font=&#8221;||||||||&#8221; header_2_font=&#8221;Share Tech||||||||&#8221; header_2_font_size=&#8221;48px&#8221; header_2_line_height=&#8221;1.4em&#8221; text_orientation=&#8221;center&#8221; custom_margin=&#8221;||30px||false&#8221; custom_margin_tablet=&#8221;||0px|&#8221; custom_margin_phone=&#8221;&#8221; custom_margin_last_edited=&#8221;on|tablet&#8221; text_font_size_tablet=&#8221;80px&#8221; text_font_size_phone=&#8221;60px&#8221; text_font_size_last_edited=&#8221;on|desktop&#8221; header_2_font_size_tablet=&#8221;&#8221; header_2_font_size_phone=&#8221;36px&#8221; header_2_font_size_last_edited=&#8221;on|phone&#8221;]<\/p>\n<p>Referencje<\/p>\n<h2>Zaufali Nam:<\/h2>\n<p>[\/et_pb_text][\/et_pb_column][\/et_pb_row][et_pb_row column_structure=&#8221;1_3,1_3,1_3&#8243; use_custom_gutter=&#8221;on&#8221; make_equal=&#8221;on&#8221; _builder_version=&#8221;3.25&#8243; use_custom_width=&#8221;on&#8221;][et_pb_column type=&#8221;1_3&#8243; _builder_version=&#8221;3.25&#8243; custom_padding=&#8221;|||&#8221; custom_padding__hover=&#8221;|||&#8221;][et_pb_image src=&#8221;http:\/\/www.activeserv.org\/activeserv\/wp-content\/uploads\/2021\/07\/cropped-sobczynscy-logo.png&#8221; url=&#8221;http:\/\/sobczynski.com.pl\/&#8221; url_new_window=&#8221;on&#8221; align_tablet=&#8221;center&#8221; align_phone=&#8221;&#8221; align_last_edited=&#8221;on|desktop&#8221; _builder_version=&#8221;4.9.1&#8243; animation_style=&#8221;bounce&#8221; hover_enabled=&#8221;0&#8243; title_text=&#8221;cropped-sobczynscy-logo&#8221; sticky_enabled=&#8221;0&#8243;][\/et_pb_image][\/et_pb_column][et_pb_column type=&#8221;1_3&#8243; _builder_version=&#8221;3.25&#8243; custom_padding=&#8221;|||&#8221; custom_padding__hover=&#8221;|||&#8221;][et_pb_image src=&#8221;http:\/\/www.activeserv.org\/activeserv\/wp-content\/uploads\/2018\/11\/tp.png&#8221; url=&#8221;http:\/\/pizzataxi.pl\/&#8221; url_new_window=&#8221;on&#8221; align_tablet=&#8221;center&#8221; align_phone=&#8221;&#8221; align_last_edited=&#8221;on|desktop&#8221; _builder_version=&#8221;3.23&#8243; max_width=&#8221;80%&#8221; animation_style=&#8221;bounce&#8221;][\/et_pb_image][\/et_pb_column][et_pb_column type=&#8221;1_3&#8243; _builder_version=&#8221;3.25&#8243; custom_padding=&#8221;|||&#8221; custom_padding__hover=&#8221;|||&#8221;][et_pb_image src=&#8221;http:\/\/www.activeserv.org\/activeserv\/wp-content\/uploads\/2020\/03\/danberg.jpg&#8221; url_new_window=&#8221;on&#8221; align_tablet=&#8221;center&#8221; align_phone=&#8221;&#8221; align_last_edited=&#8221;on|desktop&#8221; _builder_version=&#8221;4.4.2&#8243; max_width=&#8221;60%&#8221; min_height=&#8221;142px&#8221; animation_style=&#8221;bounce&#8221;][\/et_pb_image][\/et_pb_column][\/et_pb_row][et_pb_row column_structure=&#8221;1_3,1_3,1_3&#8243; _builder_version=&#8221;3.25&#8243;][et_pb_column type=&#8221;1_3&#8243; _builder_version=&#8221;3.25&#8243; custom_padding=&#8221;|||&#8221; custom_padding__hover=&#8221;|||&#8221;][et_pb_image src=&#8221;http:\/\/www.activeserv.org\/activeserv\/wp-content\/uploads\/2018\/11\/logobt.png&#8221; url=&#8221;http:\/\/biterum.pl\/&#8221; align_tablet=&#8221;center&#8221; align_phone=&#8221;&#8221; align_last_edited=&#8221;on|desktop&#8221; _builder_version=&#8221;3.23&#8243; animation_style=&#8221;bounce&#8221;][\/et_pb_image][\/et_pb_column][et_pb_column type=&#8221;1_3&#8243; _builder_version=&#8221;3.25&#8243; custom_padding=&#8221;|||&#8221; custom_padding__hover=&#8221;|||&#8221;][et_pb_image src=&#8221;http:\/\/www.activeserv.org\/activeserv\/wp-content\/uploads\/2018\/11\/logofen.png&#8221; url=&#8221;https:\/\/www.fenetre.pl\/&#8221; url_new_window=&#8221;on&#8221; align_tablet=&#8221;center&#8221; align_phone=&#8221;&#8221; align_last_edited=&#8221;on|desktop&#8221; _builder_version=&#8221;3.23&#8243; max_width=&#8221;80%&#8221; animation_style=&#8221;bounce&#8221;][\/et_pb_image][\/et_pb_column][et_pb_column type=&#8221;1_3&#8243; _builder_version=&#8221;3.25&#8243; custom_padding=&#8221;|||&#8221; custom_padding__hover=&#8221;|||&#8221;][et_pb_image src=&#8221;http:\/\/www.activeserv.org\/activeserv\/wp-content\/uploads\/2019\/11\/logo-red.png&#8221; url=&#8221;https:\/\/bamberka.com.pl\/&#8221; url_new_window=&#8221;on&#8221; align_tablet=&#8221;center&#8221; align_phone=&#8221;&#8221; align_last_edited=&#8221;on|desktop&#8221; _builder_version=&#8221;4.0.6&#8243; max_width=&#8221;90%&#8221; animation_style=&#8221;bounce&#8221;][\/et_pb_image][\/et_pb_column][\/et_pb_row][\/et_pb_section][et_pb_section fb_built=&#8221;1&#8243; _builder_version=&#8221;3.22&#8243;][et_pb_row _builder_version=&#8221;4.9.1&#8243; _module_preset=&#8221;default&#8221; global_module=&#8221;331&#8243; saved_tabs=&#8221;all&#8221;][et_pb_column type=&#8221;4_4&#8243; _builder_version=&#8221;4.9.1&#8243; _module_preset=&#8221;default&#8221;][\/et_pb_column][\/et_pb_row][\/et_pb_section][et_pb_section fb_built=&#8221;1&#8243; custom_padding_last_edited=&#8221;off|desktop&#8221; admin_label=&#8221;Footer&#8221; _builder_version=&#8221;3.22&#8243; use_background_color_gradient=&#8221;on&#8221; background_color_gradient_start=&#8221;#004872&#8243; background_color_gradient_end=&#8221;rgba(41,17,96,0.8)&#8221; background_color_gradient_direction=&#8221;140deg&#8221; background_color_gradient_overlays_image=&#8221;on&#8221; background_image=&#8221;http:\/\/www.activeserv.org\/activeserv\/wp-content\/uploads\/2018\/11\/no3.jpeg&#8221; custom_margin=&#8221;|||&#8221; custom_padding=&#8221;0|0px|0|0px|true|false&#8221; custom_padding_tablet=&#8221;10vw||10vw||true&#8221; custom_padding_phone=&#8221;5vw||5vw||true&#8221; locked=&#8221;off&#8221;][et_pb_row column_structure=&#8221;2_3,1_3&#8243; use_custom_gutter=&#8221;on&#8221; _builder_version=&#8221;3.25&#8243; custom_padding=&#8221;8px|0px|27px|0px|false|false&#8221; use_custom_width=&#8221;on&#8221;][et_pb_column type=&#8221;2_3&#8243; _builder_version=&#8221;3.25&#8243; custom_padding=&#8221;|||&#8221; custom_padding__hover=&#8221;|||&#8221;][et_pb_contact_form email=&#8221;kontakt@activeserv.org&#8221; title=&#8221;Napisz do Nas!&#8221; success_message=&#8221;Dzi\u0119kujemy za wiadomo\u015b\u0107. Odpiszemy tak szybko jak tylko mo\u017cliwe.&#8221; submit_button_text=&#8221;Wy\u015blij Wiadomo\u015b\u0107!&#8221; module_id=&#8221;et_pb_contact_form_0&#8243; _builder_version=&#8221;3.23&#8243; form_field_background_color=&#8221;rgba(0,0,0,0)&#8221; form_field_text_color=&#8221;#ffffff&#8221; title_level=&#8221;h2&#8243; title_font=&#8221;Share Tech||||||||&#8221; title_text_color=&#8221;#ffffff&#8221; title_font_size=&#8221;50px&#8221; title_line_height=&#8221;1.2em&#8221; form_field_font=&#8221;Open Sans|700|||||||&#8221; form_field_letter_spacing=&#8221;2px&#8221; form_field_line_height=&#8221;1.8em&#8221; custom_button=&#8221;on&#8221; button_text_size=&#8221;15px&#8221; button_text_color=&#8221;#ffffff&#8221; button_bg_color=&#8221;#ffa727&#8243; button_border_width=&#8221;10px&#8221; button_border_color=&#8221;#ffa727&#8243; button_border_radius=&#8221;100px&#8221; button_letter_spacing=&#8221;5px&#8221; button_font=&#8221;Open Sans|700||on|||||&#8221; button_use_icon=&#8221;off&#8221; button_text_size_last_edited=&#8221;off|desktop&#8221; border_width_bottom=&#8221;2px&#8221; border_color_bottom=&#8221;#ffffff&#8221; form_background_color=&#8221;rgba(0,0,0,0)&#8221; button_bg_color_hover=&#8221;#ff8a3d&#8221; button_border_color_hover=&#8221;#ff8a3d&#8221; button_border_radius_hover=&#8221;100px&#8221; button_letter_spacing_hover=&#8221;5px&#8221;][et_pb_contact_field field_id=&#8221;Name&#8221; field_title=&#8221;Imi\u0119&#8221; _builder_version=&#8221;3.17.6&#8243; button_text_size__hover_enabled=&#8221;off&#8221; button_one_text_size__hover_enabled=&#8221;off&#8221; button_two_text_size__hover_enabled=&#8221;off&#8221; button_text_color__hover_enabled=&#8221;off&#8221; button_one_text_color__hover_enabled=&#8221;off&#8221; button_two_text_color__hover_enabled=&#8221;off&#8221; button_border_width__hover_enabled=&#8221;off&#8221; button_one_border_width__hover_enabled=&#8221;off&#8221; button_two_border_width__hover_enabled=&#8221;off&#8221; button_border_color__hover_enabled=&#8221;off&#8221; button_one_border_color__hover_enabled=&#8221;off&#8221; button_two_border_color__hover_enabled=&#8221;off&#8221; button_border_radius__hover_enabled=&#8221;off&#8221; button_one_border_radius__hover_enabled=&#8221;off&#8221; button_two_border_radius__hover_enabled=&#8221;off&#8221; button_letter_spacing__hover_enabled=&#8221;off&#8221; button_one_letter_spacing__hover_enabled=&#8221;off&#8221; button_two_letter_spacing__hover_enabled=&#8221;off&#8221; button_bg_color__hover_enabled=&#8221;off&#8221; button_one_bg_color__hover_enabled=&#8221;off&#8221; button_two_bg_color__hover_enabled=&#8221;off&#8221;][\/et_pb_contact_field][et_pb_contact_field field_id=&#8221;Email&#8221; field_title=&#8221;Email&#8221; field_type=&#8221;email&#8221; _builder_version=&#8221;3.17.6&#8243; button_text_size__hover_enabled=&#8221;off&#8221; button_one_text_size__hover_enabled=&#8221;off&#8221; button_two_text_size__hover_enabled=&#8221;off&#8221; button_text_color__hover_enabled=&#8221;off&#8221; button_one_text_color__hover_enabled=&#8221;off&#8221; button_two_text_color__hover_enabled=&#8221;off&#8221; button_border_width__hover_enabled=&#8221;off&#8221; button_one_border_width__hover_enabled=&#8221;off&#8221; button_two_border_width__hover_enabled=&#8221;off&#8221; button_border_color__hover_enabled=&#8221;off&#8221; button_one_border_color__hover_enabled=&#8221;off&#8221; button_two_border_color__hover_enabled=&#8221;off&#8221; button_border_radius__hover_enabled=&#8221;off&#8221; button_one_border_radius__hover_enabled=&#8221;off&#8221; button_two_border_radius__hover_enabled=&#8221;off&#8221; button_letter_spacing__hover_enabled=&#8221;off&#8221; button_one_letter_spacing__hover_enabled=&#8221;off&#8221; button_two_letter_spacing__hover_enabled=&#8221;off&#8221; button_bg_color__hover_enabled=&#8221;off&#8221; button_one_bg_color__hover_enabled=&#8221;off&#8221; button_two_bg_color__hover_enabled=&#8221;off&#8221;][\/et_pb_contact_field][et_pb_contact_field field_id=&#8221;Message&#8221; field_title=&#8221;Wiadomo\u015b\u0107&#8221; field_type=&#8221;text&#8221; fullwidth_field=&#8221;on&#8221; _builder_version=&#8221;3.17.6&#8243; button_text_size__hover_enabled=&#8221;off&#8221; button_one_text_size__hover_enabled=&#8221;off&#8221; button_two_text_size__hover_enabled=&#8221;off&#8221; button_text_color__hover_enabled=&#8221;off&#8221; button_one_text_color__hover_enabled=&#8221;off&#8221; button_two_text_color__hover_enabled=&#8221;off&#8221; button_border_width__hover_enabled=&#8221;off&#8221; button_one_border_width__hover_enabled=&#8221;off&#8221; button_two_border_width__hover_enabled=&#8221;off&#8221; button_border_color__hover_enabled=&#8221;off&#8221; button_one_border_color__hover_enabled=&#8221;off&#8221; button_two_border_color__hover_enabled=&#8221;off&#8221; button_border_radius__hover_enabled=&#8221;off&#8221; button_one_border_radius__hover_enabled=&#8221;off&#8221; button_two_border_radius__hover_enabled=&#8221;off&#8221; button_letter_spacing__hover_enabled=&#8221;off&#8221; button_one_letter_spacing__hover_enabled=&#8221;off&#8221; button_two_letter_spacing__hover_enabled=&#8221;off&#8221; button_bg_color__hover_enabled=&#8221;off&#8221; button_one_bg_color__hover_enabled=&#8221;off&#8221; button_two_bg_color__hover_enabled=&#8221;off&#8221;][\/et_pb_contact_field][\/et_pb_contact_form][\/et_pb_column][et_pb_column type=&#8221;1_3&#8243; _builder_version=&#8221;3.25&#8243; custom_padding=&#8221;120px|||&#8221; custom_padding_tablet=&#8221;0px|||&#8221; custom_padding_phone=&#8221;&#8221; custom_padding_last_edited=&#8221;on|tablet&#8221; padding_tablet=&#8221;0px|||&#8221; padding_last_edited=&#8221;on|tablet&#8221; custom_padding__hover=&#8221;|||&#8221;][et_pb_blurb title=&#8221;Siedziba Firmy&#8221; use_icon=&#8221;on&#8221; font_icon=&#8221;%%249%%&#8221; icon_color=&#8221;#ffa727&#8243; icon_placement=&#8221;left&#8221; content_max_width=&#8221;1100px&#8221; use_icon_font_size=&#8221;on&#8221; icon_font_size=&#8221;28px&#8221; _builder_version=&#8221;3.8&#8243; header_font=&#8221;Share Tech||||||||&#8221; header_font_size=&#8221;24px&#8221; header_line_height=&#8221;1.2em&#8221; body_font=&#8221;Open Sans||||||||&#8221; body_line_height=&#8221;1.8em&#8221; background_layout=&#8221;dark&#8221; custom_padding=&#8221;|||&#8221; animation_style=&#8221;fold&#8221; animation_delay=&#8221;150ms&#8221; animation=&#8221;off&#8221; locked=&#8221;off&#8221;]<\/p>\n<p>PHU ActiveServ<\/p>\n<p><span style=\"font-size: 16px;\">ul. Milacz\u0144ska 14h\/11<\/span><\/p>\n<p><span style=\"font-size: 16px;\">Pozna\u0144, 61-131<\/span><\/p>\n<p>[\/et_pb_blurb][et_pb_blurb title=&#8221;Godziny&#8221; use_icon=&#8221;on&#8221; font_icon=&#8221;%%227%%&#8221; icon_color=&#8221;#ffa727&#8243; icon_placement=&#8221;left&#8221; content_max_width=&#8221;1100px&#8221; use_icon_font_size=&#8221;on&#8221; icon_font_size=&#8221;28px&#8221; _builder_version=&#8221;3.8&#8243; header_font=&#8221;Share Tech||||||||&#8221; header_font_size=&#8221;24px&#8221; header_line_height=&#8221;1.2em&#8221; body_font=&#8221;Open Sans||||||||&#8221; body_line_height=&#8221;1.8em&#8221; background_layout=&#8221;dark&#8221; custom_padding=&#8221;|||&#8221; animation_style=&#8221;fold&#8221; animation_delay=&#8221;150ms&#8221; animation=&#8221;off&#8221; locked=&#8221;off&#8221;]<\/p>\n<p>24 h\/ 7 dni w tygodniu<\/p>\n<p>[\/et_pb_blurb][et_pb_blurb title=&#8221;Telefon kontaktowy&#8221; use_icon=&#8221;on&#8221; font_icon=&#8221;%%264%%&#8221; icon_color=&#8221;#ffa727&#8243; icon_placement=&#8221;left&#8221; content_max_width=&#8221;1100px&#8221; use_icon_font_size=&#8221;on&#8221; icon_font_size=&#8221;28px&#8221; _builder_version=&#8221;3.8&#8243; header_font=&#8221;Share Tech||||||||&#8221; header_font_size=&#8221;24px&#8221; header_line_height=&#8221;1.2em&#8221; body_font=&#8221;Open Sans||||||||&#8221; body_line_height=&#8221;1.8em&#8221; background_layout=&#8221;dark&#8221; custom_padding=&#8221;|||&#8221; animation_style=&#8221;fold&#8221; animation_delay=&#8221;150ms&#8221; animation=&#8221;off&#8221; locked=&#8221;off&#8221;]<\/p>\n<p>+48 514 628 258<\/p>\n<p>[\/et_pb_blurb][\/et_pb_column][\/et_pb_row][\/et_pb_section]<\/p>\n","protected":false},"excerpt":{"rendered":"<p>Referencje Opinie:&#8221;Profesjonalny charakter \u015bwiadczonych us\u0142ug, sta\u0142e informowanie klienta o etapach realizacji powierzonego zlecenia, szybkie i w pe\u0142ni satysfakcjonuj\u0105ce wykonanie zleconej us\u0142ugi, a tak\u017ce wra\u017cliwo\u015b\u0107 na potrzeby klienta i zg\u0142aszane przez niego uwagi, to cechy jakimi wyr\u00f3\u017cnia si\u0119 firma Pana Jakuba Pawlisza przy realizacji powierzonegojej zadania&#8230;&#8221;&#8221;Pan Jakub Pawlisz da\u0142 si\u0119 pozna\u0107 jako bardzo dobry specjalista do [&hellip;]<\/p>\n","protected":false},"author":1,"featured_media":0,"parent":0,"menu_order":0,"comment_status":"closed","ping_status":"closed","template":"","meta":{"_et_pb_use_builder":"on","_et_pb_old_content":"","_et_gb_content_width":"","footnotes":""},"class_list":["post-59","page","type-page","status-publish","hentry"],"_links":{"self":[{"href":"https:\/\/www.activeserv.org\/activeserv\/wp-json\/wp\/v2\/pages\/59","targetHints":{"allow":["GET"]}}],"collection":[{"href":"https:\/\/www.activeserv.org\/activeserv\/wp-json\/wp\/v2\/pages"}],"about":[{"href":"https:\/\/www.activeserv.org\/activeserv\/wp-json\/wp\/v2\/types\/page"}],"author":[{"embeddable":true,"href":"https:\/\/www.activeserv.org\/activeserv\/wp-json\/wp\/v2\/users\/1"}],"replies":[{"embeddable":true,"href":"https:\/\/www.activeserv.org\/activeserv\/wp-json\/wp\/v2\/comments?post=59"}],"version-history":[{"count":18,"href":"https:\/\/www.activeserv.org\/activeserv\/wp-json\/wp\/v2\/pages\/59\/revisions"}],"predecessor-version":[{"id":376,"href":"https:\/\/www.activeserv.org\/activeserv\/wp-json\/wp\/v2\/pages\/59\/revisions\/376"}],"wp:attachment":[{"href":"https:\/\/www.activeserv.org\/activeserv\/wp-json\/wp\/v2\/media?parent=59"}],"curies":[{"name":"wp","href":"https:\/\/api.w.org\/{rel}","templated":true}]}}