{"id":336,"date":"2021-03-16T14:55:40","date_gmt":"2021-03-16T13:55:40","guid":{"rendered":"http:\/\/www.activeserv.org\/activeserv\/?page_id=336"},"modified":"2022-08-23T09:45:00","modified_gmt":"2022-08-23T07:45:00","slug":"manifest-naprawczy","status":"publish","type":"page","link":"https:\/\/www.activeserv.org\/activeserv\/manifest-naprawczy\/","title":{"rendered":"Manifest Naprawczy"},"content":{"rendered":"<p>[et_pb_section fb_built=&#8221;1&#8243; _builder_version=&#8221;4.9.1&#8243; _module_preset=&#8221;default&#8221;][et_pb_row column_structure=&#8221;1_4,1_2,1_4&#8243; _builder_version=&#8221;4.9.1&#8243; _module_preset=&#8221;default&#8221;][et_pb_column type=&#8221;1_4&#8243; _builder_version=&#8221;4.9.1&#8243; _module_preset=&#8221;default&#8221;][\/et_pb_column][et_pb_column type=&#8221;1_2&#8243; _builder_version=&#8221;4.9.1&#8243; _module_preset=&#8221;default&#8221;][et_pb_image src=&#8221;http:\/\/www.activeserv.org\/activeserv\/wp-content\/uploads\/2021\/03\/2e1ax_vintage_entry_images.png&#8221; alt=&#8221;RightToRepair&#8221; title_text=&#8221;2e1ax_vintage_entry_images&#8221; align=&#8221;center&#8221; _builder_version=&#8221;4.9.1&#8243; _module_preset=&#8221;default&#8221;][\/et_pb_image][\/et_pb_column][et_pb_column type=&#8221;1_4&#8243; _builder_version=&#8221;4.9.1&#8243; _module_preset=&#8221;default&#8221;][\/et_pb_column][\/et_pb_row][et_pb_row _builder_version=&#8221;4.9.1&#8243; _module_preset=&#8221;default&#8221;][et_pb_column type=&#8221;4_4&#8243; _builder_version=&#8221;4.9.1&#8243; _module_preset=&#8221;default&#8221;][et_pb_image src=&#8221;http:\/\/www.activeserv.org\/activeserv\/wp-content\/uploads\/2022\/08\/Navy-Blue-Modern-Abstract-Technology-Call-For-Papers-Poster-117.845\u00d7100-cm-70\u00d7100-cm-1-717&#215;1024.png&#8221; alt=&#8221;manifest&#8221; title_text=&#8221;Navy Blue Modern Abstract Technology Call For Papers Poster (117.845\u00d7100 cm) (70\u00d7100 cm) (1)&#8221; align=&#8221;center&#8221; _builder_version=&#8221;4.9.1&#8243; _module_preset=&#8221;default&#8221; hover_enabled=&#8221;0&#8243; animation_style=&#8221;zoom&#8221; sticky_enabled=&#8221;0&#8243;][\/et_pb_image][\/et_pb_column][\/et_pb_row][et_pb_row _builder_version=&#8221;4.9.1&#8243; _module_preset=&#8221;default&#8221;][et_pb_column type=&#8221;4_4&#8243; _builder_version=&#8221;4.9.1&#8243; _module_preset=&#8221;default&#8221;][et_pb_text _builder_version=&#8221;4.9.1&#8243; _module_preset=&#8221;default&#8221;]<\/p>\n<blockquote>\n<p>\u017ar\u00f3d\u0142o: https:\/\/www.ifixit.com\/Wiki\/RepairManifestoTranslations_pl<\/p>\n<\/blockquote>\n<p>[\/et_pb_text][\/et_pb_column][\/et_pb_row][\/et_pb_section]<\/p>\n","protected":false},"excerpt":{"rendered":"<p>\u017ar\u00f3d\u0142o: https:\/\/www.ifixit.com\/Wiki\/RepairManifestoTranslations_pl<\/p>\n","protected":false},"author":1,"featured_media":0,"parent":0,"menu_order":0,"comment_status":"closed","ping_status":"closed","template":"","meta":{"_et_pb_use_builder":"on","_et_pb_old_content":"","_et_gb_content_width":"","footnotes":""},"class_list":["post-336","page","type-page","status-publish","hentry"],"_links":{"self":[{"href":"https:\/\/www.activeserv.org\/activeserv\/wp-json\/wp\/v2\/pages\/336","targetHints":{"allow":["GET"]}}],"collection":[{"href":"https:\/\/www.activeserv.org\/activeserv\/wp-json\/wp\/v2\/pages"}],"about":[{"href":"https:\/\/www.activeserv.org\/activeserv\/wp-json\/wp\/v2\/types\/page"}],"author":[{"embeddable":true,"href":"https:\/\/www.activeserv.org\/activeserv\/wp-json\/wp\/v2\/users\/1"}],"replies":[{"embeddable":true,"href":"https:\/\/www.activeserv.org\/activeserv\/wp-json\/wp\/v2\/comments?post=336"}],"version-history":[{"count":6,"href":"https:\/\/www.activeserv.org\/activeserv\/wp-json\/wp\/v2\/pages\/336\/revisions"}],"predecessor-version":[{"id":511,"href":"https:\/\/www.activeserv.org\/activeserv\/wp-json\/wp\/v2\/pages\/336\/revisions\/511"}],"wp:attachment":[{"href":"https:\/\/www.activeserv.org\/activeserv\/wp-json\/wp\/v2\/media?parent=336"}],"curies":[{"name":"wp","href":"https:\/\/api.w.org\/{rel}","templated":true}]}}