{"id":126,"date":"2018-11-07T22:00:19","date_gmt":"2018-11-07T21:00:19","guid":{"rendered":"http:\/\/www.activeserv.org\/activeserv\/?page_id=126"},"modified":"2018-11-23T14:24:50","modified_gmt":"2018-11-23T13:24:50","slug":"opieka-informatyczna-dla-osob-prywatnych","status":"publish","type":"page","link":"https:\/\/www.activeserv.org\/activeserv\/opieka-informatyczna-dla-osob-prywatnych\/","title":{"rendered":"Opieka Informatyczna dla os\u00f3b prywatnych"},"content":{"rendered":"<p>[et_pb_section fb_built=&#8221;1&#8243; custom_padding_last_edited=&#8221;off|desktop&#8221; admin_label=&#8221;Footer&#8221; _builder_version=&#8221;3.17.6&#8243; use_background_color_gradient=&#8221;on&#8221; background_color_gradient_start=&#8221;#004872&#8243; background_color_gradient_end=&#8221;rgba(41,17,96,0.8)&#8221; background_color_gradient_direction=&#8221;140deg&#8221; background_color_gradient_overlays_image=&#8221;on&#8221; background_image=&#8221;http:\/\/www.activeserv.org\/activeserv\/wp-content\/uploads\/2018\/11\/no7.jpg&#8221; custom_margin=&#8221;|||&#8221; custom_padding=&#8221;0|0px|0|0px|true|false&#8221; custom_padding_tablet=&#8221;10vw||10vw||true&#8221; custom_padding_phone=&#8221;5vw||5vw||true&#8221; locked=&#8221;off&#8221;][et_pb_row custom_padding=&#8221;5px|0px|209px|0px|false|false&#8221; _builder_version=&#8221;3.17.6&#8243;][et_pb_column type=&#8221;4_4&#8243; _builder_version=&#8221;3.17.6&#8243; parallax=&#8221;off&#8221; parallax_method=&#8221;on&#8221;][et_pb_text _builder_version=&#8221;3.17.6&#8243; text_font=&#8221;||||||||&#8221; text_text_color=&#8221;#ffffff&#8221; text_font_size=&#8221;23px&#8221; text_letter_spacing=&#8221;1px&#8221; header_font=&#8221;||||||||&#8221; background_layout=&#8221;dark&#8221;]<\/p>\n<h1 style=\"text-align: center;\"><\/h1>\n<h1 style=\"text-align: center;\"><strong><\/strong><\/h1>\n<h1 style=\"text-align: center;\"><strong><\/strong><\/h1>\n<h1 style=\"text-align: center;\"><strong><\/strong><\/h1>\n<h1 style=\"text-align: center;\"><strong>Opieka Informatyczna dla Os\u00f3b prywatnych<\/strong><\/h1>\n<h5><em><\/em><\/h5>\n<h5><em><\/em><\/h5>\n<h5><em>&#8222;Nie jestem jakim\u015b tam fachowcem przez du\u017ce F jak fuszerka.&#8221;\u00a0<\/em><\/h5>\n<h6>mgr. in\u017c Jakub Pawlisz<\/h6>\n<p>[\/et_pb_text][\/et_pb_column][\/et_pb_row][\/et_pb_section][et_pb_section fb_built=&#8221;1&#8243; _builder_version=&#8221;3.17.6&#8243; custom_padding=&#8221;54px|0px|24px|0px|false|false&#8221;][et_pb_row _builder_version=&#8221;3.17.6&#8243;][et_pb_column type=&#8221;4_4&#8243; _builder_version=&#8221;3.17.6&#8243; parallax=&#8221;off&#8221; parallax_method=&#8221;on&#8221;][et_pb_text _builder_version=&#8221;3.17.6&#8243;]<\/p>\n<p><span>Witam Serdecznie,<\/span><\/p>\n<p><span>Je\u017celi potrzebujesz informatyka w domu skontaktuj si\u0119 ze mn\u0105. Dla mnie nie ma wi\u0119kszego znaczenia czy tw\u00f3j komputer to: <strong>MAC, PC, koloru czarnego, koloru szarego, z Windowsem, z Linuksem<\/strong>. Dam sobie rad\u0119 z ka\u017cdym. Mam ponad 12 lat do\u015bwiadczenia w bran\u017cy &#8211; jestem po dwustopniowych studiach informatycznych. Pracuje czynnie w dziale IT jednej z wiod\u0105cych mi\u0119dzynarodowych firm. Firma ActiveServ traktuj\u0119 jako hobby i dodatkowe \u017ar\u00f3d\u0142o zarobku. Moja oferta przedstawia si\u0119 w czterech kr\u00f3tkich punktach:<\/span><\/p>\n<ol>\n<li><span>Darmowy dojazd na terenie Poznania.<\/span><\/li>\n<li><span>Darmowa diagnoza sprz\u0119tu komputerowego.\u00a0<\/span><\/li>\n<li><span>Konkurencyjne ceny obs\u0142ugi.\u00a0<\/span><\/li>\n<li><span>Fachowa pomoc na najwy\u017cszym mo\u017cliwym poziomie.\u00a0<\/span><\/li>\n<\/ol>\n<p>&nbsp;<\/p>\n<p><span>Dla mnie nie ma problemu, kt\u00f3ry nie mia\u0142by rozwi\u0105zania!<\/span><\/p>\n<p>&nbsp;<\/p>\n<h1 style=\"text-align: center;\">Dojazd do klienta w granicach Poznania jest darmowy!<\/h1>\n<p>&nbsp;<\/p>\n<p>&nbsp;<\/p>\n<p>[\/et_pb_text][\/et_pb_column][\/et_pb_row][\/et_pb_section][et_pb_section fb_built=&#8221;1&#8243; _builder_version=&#8221;3.17.6&#8243;][et_pb_row _builder_version=&#8221;3.17.6&#8243;][et_pb_column type=&#8221;4_4&#8243; _builder_version=&#8221;3.17.6&#8243; parallax=&#8221;off&#8221; parallax_method=&#8221;on&#8221;][et_pb_image src=&#8221;http:\/\/www.activeserv.org\/activeserv\/wp-content\/uploads\/2018\/11\/home-1429487_640.png&#8221; align=&#8221;center&#8221; _builder_version=&#8221;3.17.6&#8243; animation_style=&#8221;fold&#8221;][\/et_pb_image][\/et_pb_column][\/et_pb_row][\/et_pb_section][et_pb_section fb_built=&#8221;1&#8243; custom_padding_last_edited=&#8221;off|desktop&#8221; admin_label=&#8221;Footer&#8221; _builder_version=&#8221;3.17.6&#8243; use_background_color_gradient=&#8221;on&#8221; background_color_gradient_start=&#8221;#004872&#8243; background_color_gradient_end=&#8221;rgba(41,17,96,0.8)&#8221; background_color_gradient_direction=&#8221;140deg&#8221; background_color_gradient_overlays_image=&#8221;on&#8221; background_image=&#8221;http:\/\/www.activeserv.org\/activeserv\/wp-content\/uploads\/2018\/11\/no3.jpeg&#8221; custom_margin=&#8221;|||&#8221; custom_padding=&#8221;0|0px|0|0px|true|false&#8221; custom_padding_tablet=&#8221;10vw||10vw||true&#8221; custom_padding_phone=&#8221;5vw||5vw||true&#8221; saved_tabs=&#8221;all&#8221; locked=&#8221;off&#8221;][et_pb_row use_custom_width=&#8221;on&#8221; use_custom_gutter=&#8221;on&#8221; custom_padding=&#8221;27px|0px|27px|0px|false|false&#8221; padding_top_2=&#8221;120px&#8221; padding_2_tablet=&#8221;0px|||&#8221; padding_2_last_edited=&#8221;on|tablet&#8221; _builder_version=&#8221;3.8&#8243;][et_pb_column type=&#8221;2_3&#8243; _builder_version=&#8221;3.7&#8243; parallax=&#8221;off&#8221; parallax_method=&#8221;on&#8221;][et_pb_contact_form title=&#8221;Napisz do Nas!&#8221; success_message=&#8221;Dzi\u0119kujemy za wiadomo\u015b\u0107. Odpiszemy tak szybko jak tylko mo\u017cliwe.&#8221; submit_button_text=&#8221;Wy\u015blij Wiadomo\u015b\u0107!&#8221; form_background_color=&#8221;rgba(0,0,0,0)&#8221; module_id=&#8221;et_pb_contact_form_0&#8243; _builder_version=&#8221;3.17.6&#8243; title_level=&#8221;h2&#8243; title_font=&#8221;Share Tech||||||||&#8221; title_text_color=&#8221;#ffffff&#8221; title_font_size=&#8221;50px&#8221; title_line_height=&#8221;1.2em&#8221; form_field_font=&#8221;Open Sans|700|||||||&#8221; form_field_text_color=&#8221;#ffffff&#8221; form_field_letter_spacing=&#8221;2px&#8221; form_field_line_height=&#8221;1.8em&#8221; border_width_bottom=&#8221;2px&#8221; border_color_bottom=&#8221;#ffffff&#8221; custom_button=&#8221;on&#8221; button_text_size=&#8221;15px&#8221; button_text_color=&#8221;#ffffff&#8221; button_bg_color=&#8221;#ffa727&#8243; button_border_width=&#8221;10px&#8221; button_border_color=&#8221;#ffa727&#8243; button_border_radius=&#8221;100px&#8221; button_letter_spacing=&#8221;5px&#8221; button_font=&#8221;Open Sans|700||on|||||&#8221; button_use_icon=&#8221;off&#8221; button_text_size_last_edited=&#8221;off|desktop&#8221; button_bg_color_hover=&#8221;#ff8a3d&#8221; button_border_color_hover=&#8221;#ff8a3d&#8221; button_border_radius_hover=&#8221;100px&#8221; button_letter_spacing_hover=&#8221;5px&#8221; email=&#8221;kontakt@activeserv.org&#8221;][et_pb_contact_field field_id=&#8221;Name&#8221; field_title=&#8221;Imi\u0119&#8221; _builder_version=&#8221;3.17.6&#8243; border_radii=&#8221;on||||&#8221; button_text_size__hover_enabled=&#8221;off&#8221; button_one_text_size__hover_enabled=&#8221;off&#8221; button_two_text_size__hover_enabled=&#8221;off&#8221; button_text_color__hover_enabled=&#8221;off&#8221; button_one_text_color__hover_enabled=&#8221;off&#8221; button_two_text_color__hover_enabled=&#8221;off&#8221; button_border_width__hover_enabled=&#8221;off&#8221; button_one_border_width__hover_enabled=&#8221;off&#8221; button_two_border_width__hover_enabled=&#8221;off&#8221; button_border_color__hover_enabled=&#8221;off&#8221; button_one_border_color__hover_enabled=&#8221;off&#8221; button_two_border_color__hover_enabled=&#8221;off&#8221; button_border_radius__hover_enabled=&#8221;off&#8221; button_one_border_radius__hover_enabled=&#8221;off&#8221; button_two_border_radius__hover_enabled=&#8221;off&#8221; button_letter_spacing__hover_enabled=&#8221;off&#8221; button_one_letter_spacing__hover_enabled=&#8221;off&#8221; button_two_letter_spacing__hover_enabled=&#8221;off&#8221; button_bg_color__hover_enabled=&#8221;off&#8221; button_one_bg_color__hover_enabled=&#8221;off&#8221; button_two_bg_color__hover_enabled=&#8221;off&#8221;][\/et_pb_contact_field][et_pb_contact_field field_id=&#8221;Email&#8221; field_title=&#8221;Email&#8221; field_type=&#8221;email&#8221; _builder_version=&#8221;3.17.6&#8243; border_radii=&#8221;on||||&#8221; button_text_size__hover_enabled=&#8221;off&#8221; button_one_text_size__hover_enabled=&#8221;off&#8221; button_two_text_size__hover_enabled=&#8221;off&#8221; button_text_color__hover_enabled=&#8221;off&#8221; button_one_text_color__hover_enabled=&#8221;off&#8221; button_two_text_color__hover_enabled=&#8221;off&#8221; button_border_width__hover_enabled=&#8221;off&#8221; button_one_border_width__hover_enabled=&#8221;off&#8221; button_two_border_width__hover_enabled=&#8221;off&#8221; button_border_color__hover_enabled=&#8221;off&#8221; button_one_border_color__hover_enabled=&#8221;off&#8221; button_two_border_color__hover_enabled=&#8221;off&#8221; button_border_radius__hover_enabled=&#8221;off&#8221; button_one_border_radius__hover_enabled=&#8221;off&#8221; button_two_border_radius__hover_enabled=&#8221;off&#8221; button_letter_spacing__hover_enabled=&#8221;off&#8221; button_one_letter_spacing__hover_enabled=&#8221;off&#8221; button_two_letter_spacing__hover_enabled=&#8221;off&#8221; button_bg_color__hover_enabled=&#8221;off&#8221; button_one_bg_color__hover_enabled=&#8221;off&#8221; button_two_bg_color__hover_enabled=&#8221;off&#8221;][\/et_pb_contact_field][et_pb_contact_field field_id=&#8221;Message&#8221; field_title=&#8221;Wiadomo\u015b\u0107&#8221; field_type=&#8221;text&#8221; fullwidth_field=&#8221;on&#8221; _builder_version=&#8221;3.17.6&#8243; border_radii=&#8221;on||||&#8221; button_text_size__hover_enabled=&#8221;off&#8221; button_one_text_size__hover_enabled=&#8221;off&#8221; button_two_text_size__hover_enabled=&#8221;off&#8221; button_text_color__hover_enabled=&#8221;off&#8221; button_one_text_color__hover_enabled=&#8221;off&#8221; button_two_text_color__hover_enabled=&#8221;off&#8221; button_border_width__hover_enabled=&#8221;off&#8221; button_one_border_width__hover_enabled=&#8221;off&#8221; button_two_border_width__hover_enabled=&#8221;off&#8221; button_border_color__hover_enabled=&#8221;off&#8221; button_one_border_color__hover_enabled=&#8221;off&#8221; button_two_border_color__hover_enabled=&#8221;off&#8221; button_border_radius__hover_enabled=&#8221;off&#8221; button_one_border_radius__hover_enabled=&#8221;off&#8221; button_two_border_radius__hover_enabled=&#8221;off&#8221; button_letter_spacing__hover_enabled=&#8221;off&#8221; button_one_letter_spacing__hover_enabled=&#8221;off&#8221; button_two_letter_spacing__hover_enabled=&#8221;off&#8221; button_bg_color__hover_enabled=&#8221;off&#8221; button_one_bg_color__hover_enabled=&#8221;off&#8221; button_two_bg_color__hover_enabled=&#8221;off&#8221;][\/et_pb_contact_field][\/et_pb_contact_form][\/et_pb_column][et_pb_column type=&#8221;1_3&#8243; _builder_version=&#8221;3.7&#8243; padding_tablet=&#8221;0px|||&#8221; padding_last_edited=&#8221;on|tablet&#8221; padding_top=&#8221;120px&#8221; parallax=&#8221;off&#8221; parallax_method=&#8221;on&#8221;][et_pb_blurb title=&#8221;Siedziba Firmy&#8221; use_icon=&#8221;on&#8221; font_icon=&#8221;%%249%%&#8221; icon_color=&#8221;#ffa727&#8243; icon_placement=&#8221;left&#8221; content_max_width=&#8221;1100px&#8221; use_icon_font_size=&#8221;on&#8221; icon_font_size=&#8221;28px&#8221; _builder_version=&#8221;3.8&#8243; header_font=&#8221;Share Tech||||||||&#8221; header_font_size=&#8221;24px&#8221; header_line_height=&#8221;1.2em&#8221; body_font=&#8221;Open Sans||||||||&#8221; body_font_size=&#8221;16px&#8221; body_line_height=&#8221;1.8em&#8221; background_layout=&#8221;dark&#8221; custom_padding=&#8221;|||&#8221; animation_style=&#8221;fold&#8221; animation_delay=&#8221;150ms&#8221; animation=&#8221;off&#8221; locked=&#8221;off&#8221;]<\/p>\n<p>PHU ActiveServ<\/p>\n<p><span style=\"font-size: 16px;\">ul. Milacz\u0144ska 14h\/11<\/span><\/p>\n<p><span style=\"font-size: 16px;\">Pozna\u0144, 61-131<\/span><\/p>\n<p>[\/et_pb_blurb][et_pb_blurb title=&#8221;Godziny&#8221; use_icon=&#8221;on&#8221; font_icon=&#8221;%%227%%&#8221; icon_color=&#8221;#ffa727&#8243; icon_placement=&#8221;left&#8221; content_max_width=&#8221;1100px&#8221; use_icon_font_size=&#8221;on&#8221; icon_font_size=&#8221;28px&#8221; _builder_version=&#8221;3.8&#8243; header_font=&#8221;Share Tech||||||||&#8221; header_font_size=&#8221;24px&#8221; header_line_height=&#8221;1.2em&#8221; body_font=&#8221;Open Sans||||||||&#8221; body_font_size=&#8221;16px&#8221; body_line_height=&#8221;1.8em&#8221; background_layout=&#8221;dark&#8221; custom_padding=&#8221;|||&#8221; animation_style=&#8221;fold&#8221; animation_delay=&#8221;150ms&#8221; animation=&#8221;off&#8221; locked=&#8221;off&#8221;]<\/p>\n<p>24 h\/ 7 dni w tygodniu<\/p>\n<p>[\/et_pb_blurb][et_pb_blurb title=&#8221;Telefon kontaktowy&#8221; use_icon=&#8221;on&#8221; font_icon=&#8221;%%264%%&#8221; icon_color=&#8221;#ffa727&#8243; icon_placement=&#8221;left&#8221; content_max_width=&#8221;1100px&#8221; use_icon_font_size=&#8221;on&#8221; icon_font_size=&#8221;28px&#8221; _builder_version=&#8221;3.8&#8243; header_font=&#8221;Share Tech||||||||&#8221; header_font_size=&#8221;24px&#8221; header_line_height=&#8221;1.2em&#8221; body_font=&#8221;Open Sans||||||||&#8221; body_font_size=&#8221;16px&#8221; body_line_height=&#8221;1.8em&#8221; background_layout=&#8221;dark&#8221; custom_padding=&#8221;|||&#8221; animation_style=&#8221;fold&#8221; animation_delay=&#8221;150ms&#8221; animation=&#8221;off&#8221; locked=&#8221;off&#8221;]<\/p>\n<p>+48 514 628 258<\/p>\n<p>[\/et_pb_blurb][\/et_pb_column][\/et_pb_row][\/et_pb_section]<\/p>\n","protected":false},"excerpt":{"rendered":"<p>Opieka Informatyczna dla Os\u00f3b prywatnych &#8222;Nie jestem jakim\u015b tam fachowcem przez du\u017ce F jak fuszerka.&#8221;\u00a0 mgr. in\u017c Jakub PawliszWitam Serdecznie, Je\u017celi potrzebujesz informatyka w domu skontaktuj si\u0119 ze mn\u0105. Dla mnie nie ma wi\u0119kszego znaczenia czy tw\u00f3j komputer to: MAC, PC, koloru czarnego, koloru szarego, z Windowsem, z Linuksem. Dam sobie rad\u0119 z ka\u017cdym. Mam [&hellip;]<\/p>\n","protected":false},"author":1,"featured_media":0,"parent":0,"menu_order":0,"comment_status":"closed","ping_status":"closed","template":"","meta":{"_et_pb_use_builder":"on","_et_pb_old_content":"<!-- wp:divi\/placeholder \/-->","_et_gb_content_width":"","footnotes":""},"class_list":["post-126","page","type-page","status-publish","hentry"],"_links":{"self":[{"href":"https:\/\/www.activeserv.org\/activeserv\/wp-json\/wp\/v2\/pages\/126","targetHints":{"allow":["GET"]}}],"collection":[{"href":"https:\/\/www.activeserv.org\/activeserv\/wp-json\/wp\/v2\/pages"}],"about":[{"href":"https:\/\/www.activeserv.org\/activeserv\/wp-json\/wp\/v2\/types\/page"}],"author":[{"embeddable":true,"href":"https:\/\/www.activeserv.org\/activeserv\/wp-json\/wp\/v2\/users\/1"}],"replies":[{"embeddable":true,"href":"https:\/\/www.activeserv.org\/activeserv\/wp-json\/wp\/v2\/comments?post=126"}],"version-history":[{"count":6,"href":"https:\/\/www.activeserv.org\/activeserv\/wp-json\/wp\/v2\/pages\/126\/revisions"}],"predecessor-version":[{"id":233,"href":"https:\/\/www.activeserv.org\/activeserv\/wp-json\/wp\/v2\/pages\/126\/revisions\/233"}],"wp:attachment":[{"href":"https:\/\/www.activeserv.org\/activeserv\/wp-json\/wp\/v2\/media?parent=126"}],"curies":[{"name":"wp","href":"https:\/\/api.w.org\/{rel}","templated":true}]}}