{"id":124,"date":"2018-11-07T21:57:25","date_gmt":"2018-11-07T20:57:25","guid":{"rendered":"http:\/\/www.activeserv.org\/activeserv\/?page_id=124"},"modified":"2018-11-12T22:26:09","modified_gmt":"2018-11-12T21:26:09","slug":"opieka-informatyczna-dla-firm","status":"publish","type":"page","link":"https:\/\/www.activeserv.org\/activeserv\/opieka-informatyczna-dla-firm\/","title":{"rendered":"Opieka Informatyczna dla Firm"},"content":{"rendered":"<p>[et_pb_section fb_built=&#8221;1&#8243; custom_padding_last_edited=&#8221;off|desktop&#8221; admin_label=&#8221;Footer&#8221; _builder_version=&#8221;3.17.6&#8243; use_background_color_gradient=&#8221;on&#8221; background_color_gradient_start=&#8221;#004872&#8243; background_color_gradient_end=&#8221;rgba(41,17,96,0.8)&#8221; background_color_gradient_direction=&#8221;140deg&#8221; background_color_gradient_overlays_image=&#8221;on&#8221; background_image=&#8221;http:\/\/www.activeserv.org\/activeserv\/wp-content\/uploads\/2018\/11\/no8.jpeg&#8221; custom_margin=&#8221;|||&#8221; custom_padding=&#8221;0|0px|0|0px|true|false&#8221; custom_padding_tablet=&#8221;10vw||10vw||true&#8221; custom_padding_phone=&#8221;5vw||5vw||true&#8221; locked=&#8221;off&#8221;][et_pb_row custom_padding=&#8221;5px|0px|206px|0px|false|false&#8221; _builder_version=&#8221;3.17.6&#8243;][et_pb_column type=&#8221;4_4&#8243; _builder_version=&#8221;3.17.6&#8243; parallax=&#8221;off&#8221; parallax_method=&#8221;on&#8221;][et_pb_text _builder_version=&#8221;3.17.6&#8243; text_font=&#8221;||||||||&#8221; text_text_color=&#8221;#ffffff&#8221; text_font_size=&#8221;23px&#8221; text_letter_spacing=&#8221;1px&#8221; header_font=&#8221;||||||||&#8221; background_layout=&#8221;dark&#8221;]<\/p>\n<h1 style=\"text-align: center;\"><\/h1>\n<h1 style=\"text-align: center;\"><strong><\/strong><\/h1>\n<h1 style=\"text-align: center;\"><strong><\/strong><\/h1>\n<h1 style=\"text-align: center;\"><strong><\/strong><\/h1>\n<h1 style=\"text-align: center;\"><strong>Opieka Informatyczna dla Firm<\/strong><\/h1>\n<h5><em><\/em><\/h5>\n<h5><em><\/em><\/h5>\n<h5><em>&#8222;Prowad\u017a spokojnie sw\u00f3j biznes, ja zajm\u0119 si\u0119 Twoim komputerem aby ten by\u0142 dla Ciebie narz\u0119dziem do pracy a nie przeszkod\u0105 w osi\u0105ganiu cel\u00f3w.&#8221;\u00a0<\/em><\/h5>\n<h6>mgr. in\u017c Jakub Pawlisz<\/h6>\n<p>[\/et_pb_text][\/et_pb_column][\/et_pb_row][\/et_pb_section][et_pb_section fb_built=&#8221;1&#8243; _builder_version=&#8221;3.17.6&#8243; custom_padding=&#8221;54px|0px|24px|0px|false|false&#8221;][et_pb_row _builder_version=&#8221;3.17.6&#8243;][et_pb_column type=&#8221;4_4&#8243; _builder_version=&#8221;3.17.6&#8243; parallax=&#8221;off&#8221; parallax_method=&#8221;on&#8221;][et_pb_text _builder_version=&#8221;3.17.6&#8243;]<\/p>\n<p>Zamieszczona poni\u017cej oferta ma charakter pogl\u0105dowy. Prosz\u0119 si\u0119 ni\u0105 nie sugerowa\u0107. Przed podj\u0119ciem wsp\u00f3\u0142pracy z Pa\u0144stwa firm\u0105 zostanie przeprowadzona analiza potrzeb, kt\u00f3ra pos\u0142u\u017cy mi do przygotowania lepszej, bardziej dopasowanej oraz indywidualnej oferty.<\/p>\n<p>&nbsp;<\/p>\n<h1 style=\"text-align: center;\">Dojazd do klienta w granicach Poznania jest darmowy!<\/h1>\n<p>&nbsp;<\/p>\n<p>&nbsp;<\/p>\n<p>[\/et_pb_text][\/et_pb_column][\/et_pb_row][\/et_pb_section][et_pb_section fb_built=&#8221;1&#8243; _builder_version=&#8221;3.17.6&#8243; custom_padding=&#8221;0|0px|54px|0px|false|false&#8221;][et_pb_row _builder_version=&#8221;3.17.6&#8243;][et_pb_column type=&#8221;4_4&#8243; _builder_version=&#8221;3.17.6&#8243; parallax=&#8221;off&#8221; parallax_method=&#8221;on&#8221;][et_pb_accordion _builder_version=&#8221;3.17.6&#8243;][et_pb_accordion_item title=&#8221;Referencyjny cennik us\u0142ug&#8221; open=&#8221;on&#8221; _builder_version=&#8221;3.17.6&#8243; title_text_shadow_horizontal_length=&#8221;0em&#8221; title_text_shadow_vertical_length=&#8221;0em&#8221; title_text_shadow_blur_strength=&#8221;0em&#8221; body_text_shadow_horizontal_length=&#8221;0em&#8221; body_text_shadow_vertical_length=&#8221;0em&#8221; body_text_shadow_blur_strength=&#8221;0em&#8221;]<\/p>\n<table style=\"tr: hover{ background-color:3465A4; border-width: 1px; border-color: #3465a4;\" border=\"1\">\n<caption>&nbsp;<\/caption>\n<tbody>\n<tr>\n<td><span style=\"font-size: 12pt;\"><strong>&nbsp;Us\u0142uga<\/strong><\/span><\/td>\n<td><span style=\"font-size: 12pt;\"><strong>Zakres&nbsp;<\/strong><\/span><\/td>\n<td><span style=\"font-size: 12pt;\"><strong>Cena za godzin\u0119 (netto)<\/strong><\/span><\/td>\n<\/tr>\n<tr>\n<td><span style=\"font-size: 12pt;\">&nbsp; Serwis sprz\u0119tu komputerowego<\/span><\/td>\n<td><span style=\"font-size: 12pt;\">&nbsp;monta\u017c, konserwacja, naprawa komputer\u00f3w, laptop\u00f3w<\/span><\/td>\n<td><strong><span style=\"font-size: 12pt;\">&nbsp;60 z\u0142&nbsp;<\/span><\/strong><\/td>\n<\/tr>\n<tr>\n<td><span style=\"font-size: 12pt;\">&nbsp; Instalacja System\u00f3w Operacjnych Windows (XP, 7, 8, 10)<\/span><\/td>\n<td><span style=\"font-size: 12pt;\">&nbsp;konfiguracja system\u00f3w operacyjnych, instalacja sterownik\u00f3w, instalacja aktualizacji zalecanych przez producenta<\/span><\/td>\n<td><strong><span style=\"font-size: 12pt;\">&nbsp;60 z\u0142<\/span><\/strong><\/td>\n<\/tr>\n<tr>\n<td><span style=\"font-size: 12pt;\"><\/span><br \/><span style=\"font-size: 12pt;\">&nbsp; Instalacja System\u00f3w Operacyjnych Linux (wi\u0119kszo\u015b\u0107 dystrybucji)<\/span><\/td>\n<td><span style=\"font-size: 12pt;\">&nbsp;konfiguracja system\u00f3w operacyjnych, instalacja sterownik\u00f3w, instalacja aktualizacji zalecanych przez producenta<\/span><\/td>\n<td><strong><span style=\"font-size: 12pt;\">&nbsp;60 z\u0142<\/span><\/strong><\/td>\n<\/tr>\n<tr>\n<td><span style=\"font-size: 12pt;\">&nbsp; Instalacja System\u00f3w Operacyjnych MacOS&nbsp;<\/span><\/td>\n<td><span style=\"font-size: 12pt;\">&nbsp;konfiguracja system\u00f3w operacyjnych, instalacja sterownik\u00f3w, instalacja aktualizacji zalecanych przez producenta<\/span><\/td>\n<td><strong><span style=\"font-size: 12pt;\">&nbsp;60 z\u0142<\/span><\/strong><\/td>\n<\/tr>\n<tr>\n<td><span style=\"font-size: 12pt;\">&nbsp; Instalacja Serwerowych System\u00f3w Operacyjnych (Windows Server, Linux, MacOS Server)<\/span><\/td>\n<td><span style=\"font-size: 12pt;\">&nbsp;konfiguracja system\u00f3w operacyjnych (w tym sieci), instalacja sterownik\u00f3w, instalacja aktualizacji zalecanych przez producenta<\/span><\/td>\n<td><strong><span style=\"font-size: 12pt;\">150 z\u0142<\/span><\/strong><\/td>\n<\/tr>\n<tr>\n<td><span style=\"font-size: 12pt;\">&nbsp; Konfiguracja serwer\u00f3w poczty, plik\u00f3w, wydruku, VPN, IP TV oraz chmur obliczeniowych<\/span><\/td>\n<td><span style=\"font-size: 12pt;\">&nbsp;konfiguracja, instalacja zalecanych aktualizacji<\/span><\/td>\n<td><strong><span style=\"font-size: 12pt;\">&nbsp;80 z\u0142<\/span><\/strong><\/td>\n<\/tr>\n<tr>\n<td><span style=\"font-size: 12pt;\">&nbsp; Tworzenie\/Przywracanie kopii zapasowych program\u00f3w, plik\u00f3w, baz danych<\/span><\/td>\n<td><span style=\"font-size: 12pt;\"><\/span><\/td>\n<td><strong><span style=\"font-size: 12pt;\">&nbsp;60 &#8211; 80 z\u0142<\/span><\/strong><\/td>\n<\/tr>\n<tr>\n<td><span style=\"font-size: 12pt;\">&nbsp; Zarz\u0105dzanie i administracja serwerami na systemach operacyjnych Windows<\/span><\/td>\n<td><span style=\"font-size: 12pt;\">&nbsp;uprgade, konfiguracja, backup, migracja systemu<\/span><\/td>\n<td><strong><span style=\"font-size: 12pt;\">&nbsp;70 &#8211; 100 z\u0142<\/span><\/strong><\/td>\n<\/tr>\n<tr>\n<td><span style=\"font-size: 12pt;\">&nbsp; Zarz\u0105dzanie i administracja serwerami na systemach operacyjnych Linux<\/span><\/td>\n<td><span style=\"font-size: 12pt;\">&nbsp;uprgade, konfiguracja, backup, migracja systemu<\/span><\/td>\n<td><strong><span style=\"font-size: 12pt;\">&nbsp;70 &#8211; 100 z\u0142&nbsp;<\/span><\/strong><\/td>\n<\/tr>\n<tr>\n<td><span style=\"font-size: 12pt;\">&nbsp; Zarz\u0105dzanie i administracja serwerami na systemach operacyjnych MacOS<\/span><\/td>\n<td><span style=\"font-size: 12pt;\">&nbsp;uprgade, konfiguracja, backup, migracja systemu<\/span><\/td>\n<td><strong><span style=\"font-size: 12pt;\">&nbsp;70 &#8211; 100 z\u0142<\/span><\/strong><\/td>\n<\/tr>\n<tr>\n<td><span style=\"font-size: 12pt;\">&nbsp; Bezpiecze\u0144stwo informatyczne (wykrywanie zagro\u017ce\u0144)<\/span><\/td>\n<td><span style=\"font-size: 12pt;\">&nbsp;audyty bezpiecze\u0144stwa (aspekty infrastruktury, kompetencje u\u017cytkownik\u00f3w, polityka bezpiecze\u0144stwa)<\/span><\/td>\n<td><strong><span style=\"font-size: 12pt;\">&nbsp;90 &#8211; 120 z\u0142<\/span><\/strong><\/td>\n<\/tr>\n<tr>\n<td><span style=\"font-size: 12pt;\">&nbsp; Wdro\u017cenie urz\u0105dze\u0144 sieciowych zwi\u0105zanych z bezpiecze\u0144stwem sieci<\/span><\/td>\n<td><span style=\"font-size: 12pt;\">&nbsp;instalacja firewalli, UTM, IPS, IDS, filtr\u00f3w antyspamowych<\/span><\/td>\n<td><strong><span style=\"font-size: 12pt;\">&nbsp;80 &#8211; 100 z\u0142<\/span><\/strong><\/td>\n<\/tr>\n<tr>\n<td><span style=\"font-size: 12pt;\">&nbsp; Konfiguracja i zarz\u0105dzanie wirtualnymi sieciami prywatnymi<\/span><\/td>\n<td><span style=\"font-size: 12pt;\">&nbsp;site to site, SSL, PPTP, L2TP, IPsec<\/span><\/td>\n<td><strong><span style=\"font-size: 12pt;\">&nbsp;80 &#8211; 120 z\u0142<\/span><\/strong><\/td>\n<\/tr>\n<tr>\n<td><span style=\"font-size: 12pt;\">&nbsp; Wdor\u017cenie program\u00f3w do zarz\u0105dzania i obs\u0142ugi \u015brednich i ma\u0142ych firm<\/span><\/td>\n<td><span style=\"font-size: 12pt;\">&nbsp;instalacja, aktualizacja, kopia zapasowa, zarz\u0105dzanie, szkolenia<\/span><\/td>\n<td><strong><span style=\"font-size: 12pt;\">&nbsp;60 &#8211; 90 z\u0142<\/span><\/strong><\/td>\n<\/tr>\n<tr>\n<td><span style=\"font-size: 12pt;\">&nbsp; Projektowanie sieci komputerowej&nbsp;<\/span><\/td>\n<td><span style=\"font-size: 12pt;\">&nbsp;utworzenie dokumentu z wycen\u0105 prac oraz materia\u0142\u00f3w<\/span><\/td>\n<td><strong><span style=\"font-size: 12pt;\">&nbsp;wycena indywidualna<\/span><\/strong><\/td>\n<\/tr>\n<tr>\n<td><span style=\"font-size: 12pt;\">&nbsp; Wdra\u017canie sieci komputerowej (LAN, WLAN, WIFI)<\/span><\/td>\n<td><span style=\"font-size: 12pt;\">&nbsp; wdro\u017cenie, zarz\u0105dzanie oraz rozbudowywanie rozwi\u0105za\u0144 sieciowych&nbsp;<\/span><\/td>\n<td><strong><span style=\"font-size: 12pt;\">&nbsp;wycena indywidualna<\/span><\/strong><\/td>\n<\/tr>\n<tr>\n<td><span style=\"font-size: 12pt;\">&nbsp; Projektowanie, budowanie oraz zarz\u0105dzanie stronami internetowymi<\/span><\/td>\n<td><span style=\"font-size: 12pt;\">&nbsp; od projektu po programowanie, a\u017c do utrzymania<\/span><\/td>\n<td><strong><span style=\"font-size: 12pt;\">&nbsp;wycena indywidualna<\/span><\/strong><\/td>\n<\/tr>\n<\/tbody>\n<\/table>\n<p>[\/et_pb_accordion_item][et_pb_accordion_item title=&#8221;Plany opieki abonamentowej&#8221; open=&#8221;off&#8221; _builder_version=&#8221;3.17.6&#8243; title_text_shadow_horizontal_length=&#8221;0em&#8221; title_text_shadow_vertical_length=&#8221;0em&#8221; title_text_shadow_blur_strength=&#8221;0em&#8221; body_text_shadow_horizontal_length=&#8221;0em&#8221; body_text_shadow_vertical_length=&#8221;0em&#8221; body_text_shadow_blur_strength=&#8221;0em&#8221;]<\/p>\n<table border=\"1\">\n<tbody>\n<tr>\n<td><span style=\"font-size: 14pt;\"><strong>&nbsp;Plan&nbsp; abonamentowy<\/strong><\/span><\/td>\n<td><span style=\"font-size: 14pt;\"><strong>Zakres us\u0142ug&nbsp;<\/strong><\/span><\/td>\n<td><strong><span style=\"font-size: 14pt;\">cena netto .\/za miesi\u0105c&nbsp;<\/span><\/strong><\/td>\n<\/tr>\n<tr>\n<td><span style=\"font-size: 12pt;\">&nbsp;office-small<\/span><\/td>\n<td><span style=\"font-size: 12pt;\">&nbsp;Opieka informatyczna bez limitu godzin dedykowana dla ma\u0142ych biur (do 3 komp.) z jednym urz\u0105dzeniem drukuj\u0105cym i uproszczonej infrastrukturze sieciowej (modem ISP + router+ prosty prze\u0142\u0105cznik), zdalna pomoc (Tw\u00f3j Firmowy HelpDesk)<\/span><\/td>\n<td><strong><span style=\"font-size: 12pt;\">&nbsp;60 z\u0142 netto\/ za stanowisko komputerowe<\/span><\/strong><\/td>\n<\/tr>\n<tr>\n<td><span style=\"font-size: 12pt;\">&nbsp;office-medium<\/span><\/td>\n<td><span style=\"font-size: 12pt;\">&nbsp;Opieka informatyczna bez limitu godzin dedykowana dla \u015brednich biur (do 10 komp.) z jednym urz\u0105dzeniem drukuj\u0105cym i uproszczonej infrastrukturze sieciowej (modem ISP + router+ prosty prze\u0142\u0105cznik), opieka nad stron\u0105 internetow\u0105, administracja poczt\u0105 elektroniczn\u0105, zdalna pomoc (Tw\u00f3j Firmowy HelpDesk)<\/span><\/td>\n<td><strong><span style=\"font-size: 12pt;\">&nbsp;70 z\u0142 netto \/za stanowisko komputerowe<\/span><\/strong><\/td>\n<\/tr>\n<tr>\n<td><span style=\"font-size: 14pt;\">&nbsp;office-big<\/span><\/td>\n<td><span style=\"font-size: 12pt;\">&nbsp;Opieka informatyczna bez limitu godzin dedykowana dla du\u017cych biur (powy\u017cej 10 komp.) z kilkoma urz\u0105dzeniami drukuj\u0105cymi i uproszczonej infrastrukturze sieciowej (modem ISP + router+prze\u0142\u0105cznik), opieka nad stron\u0105 internetow\u0105, administracja poczt\u0105 elektroniczn\u0105, zdalna pomoc (Tw\u00f3j Firmowy HelpDesk)<\/span><\/td>\n<td><strong><span style=\"font-size: 14pt;\">&nbsp;<span style=\"font-size: 12pt;\">80 z\u0142 netto\/za stanowsiko komputerowe<\/span><\/span><\/strong><\/td>\n<\/tr>\n<tr>\n<td><span style=\"font-size: 12pt;\">&nbsp;office-big-plus<\/span><\/td>\n<td><span style=\"font-size: 12pt;\">&nbsp;Opieka informatyczna bez limitu godzin dedykowana dla du\u017cych biur (powy\u017cej 10 komp.) z kilkoma urz\u0105dzeniami drukuj\u0105cymi i zaawansowanej infrastrukturze sieciowej, opieka nad stron\u0105 internetow\u0105, administracja poczt\u0105 elektroniczn\u0105, gwarancja zachowania wysokiego standardu bezpiecze\u0144stwa, zdalna pomoc (Tw\u00f3j Firmowy HelpDesk)<\/span><\/td>\n<td><strong><span style=\"font-size: 12pt;\">&nbsp;90 z\u0142 netto\/za stanowisko komputerowe<\/span><\/strong><\/td>\n<\/tr>\n<tr>\n<td><span style=\"font-size: 12pt;\">&nbsp;plan-10h<\/span><\/td>\n<td><span style=\"font-size: 12pt;\">&nbsp;10 godzin pracy w miesi\u0105cu, zdalne wsparcie, wsparcie on-site (15 mintu czas reakcji, dojazd do klienta do 2 godzin)- wszyskie us\u0142ugi wy\u017cej wymienione<\/span><\/td>\n<td><strong><span style=\"font-size: 12pt;\">&nbsp;600 z\u0142 netto miesi\u0119cznie<\/span><\/strong><\/td>\n<\/tr>\n<tr>\n<td><span style=\"font-size: 12pt;\">&nbsp;plan-20h<\/span><\/td>\n<td><span style=\"font-size: 12pt;\">&nbsp;20 godzin pracy w miesi\u0105cu, zdalne wsparcie, wsparcie on-site (15 mintu czas reakcji, dojazd do klienta do 2 godzin)- wszyskie us\u0142ugi wy\u017cej wymienione<\/span><\/td>\n<td><strong><span style=\"font-size: 12pt;\">&nbsp;1100 z\u0142 netto miesi\u0119cznie<\/span><\/strong><\/td>\n<\/tr>\n<tr>\n<td><span style=\"font-size: 12pt;\">&nbsp;plan-30h<\/span><\/td>\n<td><span style=\"font-size: 12pt;\">&nbsp;30 godzin pracy w miesi\u0105cu, zdalne wsparcie, wsparcie on-site (15 mintu czas reakcji, dojazd do klienta do 2 godzin)- wszyskie us\u0142ugi wy\u017cej wymienione<\/span><\/td>\n<td><strong><span style=\"font-size: 12pt;\">&nbsp;1600 z\u0142 netto miesi\u0119cznie<\/span><\/strong><\/td>\n<\/tr>\n<tr>\n<td><span style=\"font-size: 12pt;\">&nbsp;plan-40h<\/span><\/td>\n<td><span style=\"font-size: 12pt;\">&nbsp;40 godzin pracy w miesi\u0105cu, zdalne wsparcie, wsparcie on-site (15 mintu czas reakcji, dojazd do klienta do 2 godzin)- wszyskie us\u0142ugi wy\u017cej wymienione<\/span><\/td>\n<td><strong><span style=\"font-size: 12pt;\">&nbsp;2100 z\u0142 netto miesi\u0119cznie<\/span><\/strong><\/td>\n<\/tr>\n<tr>\n<td><span style=\"font-size: 12pt;\">&nbsp;plan-50h<\/span><\/td>\n<td><span style=\"font-size: 12pt;\">&nbsp;50 godzin pracy w miesi\u0105cu, zdalne wsparcie, wsparcie on-site (15 mintu czas reakcji, dojazd do klienta do 2 godzin)- wszyskie us\u0142ugi wy\u017cej wymienione<\/span><\/td>\n<td><strong><span style=\"font-size: 12pt;\">&nbsp;2800 z\u0142 netto miesi\u0119cznie<\/span><\/strong><\/td>\n<\/tr>\n<tr>\n<td><strong>&nbsp;plan-special<\/strong><\/td>\n<td style=\"text-align: center;\"><strong><span style=\"font-size: 14pt;\">Indywidualny plan taryfowy dostosowany do Twoich potrzeb. U\u0142o\u017cony na podstawie mojej analizy.<\/span><\/strong><\/td>\n<td><strong>cena dostosowana odpowiedno do zakresu us\u0142ug<\/strong><\/td>\n<\/tr>\n<\/tbody>\n<\/table>\n<p>[\/et_pb_accordion_item][\/et_pb_accordion][\/et_pb_column][\/et_pb_row][et_pb_row _builder_version=&#8221;3.17.6&#8243;][et_pb_column type=&#8221;4_4&#8243; _builder_version=&#8221;3.17.6&#8243; parallax=&#8221;off&#8221; parallax_method=&#8221;on&#8221;][et_pb_text _builder_version=&#8221;3.17.6&#8243;]<\/p>\n<h3><strong>Zapraszamy do kontaktu w celu uzyskania indywidualnej wyceny. Pasuj\u0105cej najlepiej do Pa\u0144stwa Biznesu.\u00a0<\/strong><\/h3>\n<p>[\/et_pb_text][\/et_pb_column][\/et_pb_row][\/et_pb_section][et_pb_section fb_built=&#8221;1&#8243; admin_label=&#8221;Testimonials&#8221; _builder_version=&#8221;3.8&#8243; custom_padding=&#8221;7px|0px|0|0px|false|false&#8221;][et_pb_row custom_padding=&#8221;|||&#8221; custom_margin=&#8221;|||&#8221; _builder_version=&#8221;3.8&#8243; locked=&#8221;off&#8221;][et_pb_column type=&#8221;4_4&#8243; _builder_version=&#8221;3.7&#8243; parallax=&#8221;off&#8221; parallax_method=&#8221;on&#8221;][et_pb_text _builder_version=&#8221;3.8&#8243; text_font=&#8221;Share Tech||||||||&#8221; text_text_color=&#8221;rgba(0,0,0,0.02)&#8221; text_font_size=&#8221;100px&#8221; text_font_size_tablet=&#8221;80px&#8221; text_font_size_phone=&#8221;60px&#8221; text_font_size_last_edited=&#8221;on|desktop&#8221; text_line_height=&#8221;0.2em&#8221; header_font=&#8221;||||||||&#8221; header_2_font=&#8221;Share Tech||||||||&#8221; header_2_font_size=&#8221;48px&#8221; header_2_font_size_phone=&#8221;36px&#8221; header_2_font_size_last_edited=&#8221;on|phone&#8221; header_2_line_height=&#8221;1.4em&#8221; text_orientation=&#8221;center&#8221; custom_margin=&#8221;||30px||false&#8221; custom_margin_tablet=&#8221;||0px|&#8221; custom_margin_last_edited=&#8221;on|tablet&#8221;]<\/p>\n<p>Referencje<\/p>\n<h2>Zaufali Nam:<\/h2>\n<p>[\/et_pb_text][\/et_pb_column][\/et_pb_row][et_pb_row use_custom_width=&#8221;on&#8221; use_custom_gutter=&#8221;on&#8221; make_equal=&#8221;on&#8221; _builder_version=&#8221;3.7&#8243;][et_pb_column type=&#8221;1_3&#8243; _builder_version=&#8221;3.7&#8243; parallax=&#8221;off&#8221; parallax_method=&#8221;on&#8221;][et_pb_image src=&#8221;http:\/\/www.activeserv.org\/activeserv\/wp-content\/uploads\/2018\/11\/sb1.png&#8221; url=&#8221;http:\/\/sobczynski.com.pl\/&#8221; url_new_window=&#8221;on&#8221; _builder_version=&#8221;3.17.6&#8243; animation_style=&#8221;bounce&#8221;][\/et_pb_image][\/et_pb_column][et_pb_column type=&#8221;1_3&#8243; _builder_version=&#8221;3.7&#8243; parallax=&#8221;off&#8221; parallax_method=&#8221;on&#8221;][et_pb_image src=&#8221;http:\/\/www.activeserv.org\/activeserv\/wp-content\/uploads\/2018\/11\/tp.png&#8221; url=&#8221;http:\/\/pizzataxi.pl\/&#8221; url_new_window=&#8221;on&#8221; _builder_version=&#8221;3.17.6&#8243; max_width=&#8221;80%&#8221; animation_style=&#8221;bounce&#8221;][\/et_pb_image][\/et_pb_column][et_pb_column type=&#8221;1_3&#8243; _builder_version=&#8221;3.7&#8243; parallax=&#8221;off&#8221; parallax_method=&#8221;on&#8221;][et_pb_image src=&#8221;http:\/\/www.activeserv.org\/activeserv\/wp-content\/uploads\/2018\/11\/flyps.jpeg&#8221; url=&#8221;https:\/\/www.flyps.io\/&#8221; url_new_window=&#8221;on&#8221; _builder_version=&#8221;3.17.6&#8243; max_width=&#8221;60%&#8221; animation_style=&#8221;bounce&#8221;][\/et_pb_image][\/et_pb_column][\/et_pb_row][et_pb_row _builder_version=&#8221;3.17.6&#8243;][et_pb_column type=&#8221;1_3&#8243; _builder_version=&#8221;3.17.6&#8243; parallax=&#8221;off&#8221; parallax_method=&#8221;on&#8221;][et_pb_image src=&#8221;http:\/\/www.activeserv.org\/activeserv\/wp-content\/uploads\/2018\/11\/logobt.png&#8221; url=&#8221;http:\/\/biterum.pl\/&#8221; _builder_version=&#8221;3.17.6&#8243; animation_style=&#8221;bounce&#8221;][\/et_pb_image][\/et_pb_column][et_pb_column type=&#8221;1_3&#8243; _builder_version=&#8221;3.17.6&#8243; parallax=&#8221;off&#8221; parallax_method=&#8221;on&#8221;][et_pb_image src=&#8221;http:\/\/www.activeserv.org\/activeserv\/wp-content\/uploads\/2018\/11\/logofen.png&#8221; url=&#8221;https:\/\/www.fenetre.pl\/&#8221; url_new_window=&#8221;on&#8221; _builder_version=&#8221;3.17.6&#8243; max_width=&#8221;80%&#8221; animation_style=&#8221;bounce&#8221;][\/et_pb_image][\/et_pb_column][et_pb_column type=&#8221;1_3&#8243; _builder_version=&#8221;3.17.6&#8243; parallax=&#8221;off&#8221; parallax_method=&#8221;on&#8221;][et_pb_image src=&#8221;http:\/\/www.activeserv.org\/activeserv\/wp-content\/uploads\/2018\/11\/martin.jpeg&#8221; url=&#8221;http:\/\/www.martintour.pl\/&#8221; url_new_window=&#8221;on&#8221; _builder_version=&#8221;3.17.6&#8243; max_width=&#8221;90%&#8221; animation_style=&#8221;bounce&#8221;][\/et_pb_image][\/et_pb_column][\/et_pb_row][\/et_pb_section]<\/p>\n","protected":false},"excerpt":{"rendered":"<p>Opieka Informatyczna dla Firm &#8222;Prowad\u017a spokojnie sw\u00f3j biznes, ja zajm\u0119 si\u0119 Twoim komputerem aby ten by\u0142 dla Ciebie narz\u0119dziem do pracy a nie przeszkod\u0105 w osi\u0105ganiu cel\u00f3w.&#8221;\u00a0 mgr. in\u017c Jakub PawliszZamieszczona poni\u017cej oferta ma charakter pogl\u0105dowy. Prosz\u0119 si\u0119 ni\u0105 nie sugerowa\u0107. Przed podj\u0119ciem wsp\u00f3\u0142pracy z Pa\u0144stwa firm\u0105 zostanie przeprowadzona analiza potrzeb, kt\u00f3ra pos\u0142u\u017cy mi do [&hellip;]<\/p>\n","protected":false},"author":1,"featured_media":0,"parent":0,"menu_order":0,"comment_status":"closed","ping_status":"closed","template":"","meta":{"_et_pb_use_builder":"on","_et_pb_old_content":"<!-- wp:divi\/placeholder \/-->","_et_gb_content_width":"","footnotes":""},"class_list":["post-124","page","type-page","status-publish","hentry"],"_links":{"self":[{"href":"https:\/\/www.activeserv.org\/activeserv\/wp-json\/wp\/v2\/pages\/124","targetHints":{"allow":["GET"]}}],"collection":[{"href":"https:\/\/www.activeserv.org\/activeserv\/wp-json\/wp\/v2\/pages"}],"about":[{"href":"https:\/\/www.activeserv.org\/activeserv\/wp-json\/wp\/v2\/types\/page"}],"author":[{"embeddable":true,"href":"https:\/\/www.activeserv.org\/activeserv\/wp-json\/wp\/v2\/users\/1"}],"replies":[{"embeddable":true,"href":"https:\/\/www.activeserv.org\/activeserv\/wp-json\/wp\/v2\/comments?post=124"}],"version-history":[{"count":4,"href":"https:\/\/www.activeserv.org\/activeserv\/wp-json\/wp\/v2\/pages\/124\/revisions"}],"predecessor-version":[{"id":171,"href":"https:\/\/www.activeserv.org\/activeserv\/wp-json\/wp\/v2\/pages\/124\/revisions\/171"}],"wp:attachment":[{"href":"https:\/\/www.activeserv.org\/activeserv\/wp-json\/wp\/v2\/media?parent=124"}],"curies":[{"name":"wp","href":"https:\/\/api.w.org\/{rel}","templated":true}]}}